{"id":1002,"date":"2023-01-04T07:59:55","date_gmt":"2023-01-04T07:59:55","guid":{"rendered":"https:\/\/sersbilar.xodus.net\/?page_id=1002"},"modified":"2023-05-04T12:25:24","modified_gmt":"2023-05-04T12:25:24","slug":"seres3garantid","status":"publish","type":"page","link":"https:\/\/sersbilar.xodus.net\/index.php\/seres3garantid\/","title":{"rendered":"Seres 3 garanti\u00f0"},"content":{"rendered":"\t\t<div data-elementor-type=\"wp-page\" data-elementor-id=\"1002\" class=\"elementor elementor-1002\">\n\t\t\t\t\t\t<section class=\"elementor-section elementor-top-section elementor-element elementor-element-eh6clri elementor-section-height-min-height elementor-section-boxed elementor-section-height-default elementor-section-items-middle\" data-id=\"eh6clri\" data-element_type=\"section\" data-e-type=\"section\" data-settings=\"{&quot;background_background&quot;:&quot;classic&quot;}\">\n\t\t\t\t\t\t\t<div class=\"elementor-background-overlay\"><\/div>\n\t\t\t\t\t\t\t<div class=\"elementor-container elementor-column-gap-default\">\n\t\t\t\t\t<div class=\"elementor-column elementor-col-100 elementor-top-column elementor-element elementor-element-1053ca7a\" data-id=\"1053ca7a\" data-element_type=\"column\" data-e-type=\"column\">\n\t\t\t<div class=\"elementor-widget-wrap elementor-element-populated\">\n\t\t\t\t\t\t\t<\/div>\n\t\t<\/div>\n\t\t\t\t\t<\/div>\n\t\t<\/section>\n\t\t\t\t<section class=\"elementor-section elementor-top-section elementor-element elementor-element-mlr9ebx elementor-section-boxed elementor-section-height-default elementor-section-height-default\" data-id=\"mlr9ebx\" data-element_type=\"section\" data-e-type=\"section\">\n\t\t\t\t\t\t<div class=\"elementor-container elementor-column-gap-no\">\n\t\t\t\t\t<div class=\"elementor-column elementor-col-100 elementor-top-column elementor-element elementor-element-48096891\" data-id=\"48096891\" data-element_type=\"column\" data-e-type=\"column\">\n\t\t\t<div class=\"elementor-widget-wrap elementor-element-populated\">\n\t\t\t\t\t\t<div class=\"elementor-element elementor-element-4a69221 elementor-widget elementor-widget-heading\" data-id=\"4a69221\" data-element_type=\"widget\" data-e-type=\"widget\" data-widget_type=\"heading.default\">\n\t\t\t\t<div class=\"elementor-widget-container\">\n\t\t\t\t\t<h2 class=\"elementor-heading-title elementor-size-default\">\u00c1byrg\u00f0<\/h2>\t\t\t\t<\/div>\n\t\t\t\t<\/div>\n\t\t\t\t<div class=\"elementor-element elementor-element-1f6ac94 elementor-widget elementor-widget-heading\" data-id=\"1f6ac94\" data-element_type=\"widget\" data-e-type=\"widget\" data-widget_type=\"heading.default\">\n\t\t\t\t<div class=\"elementor-widget-container\">\n\t\t\t\t\t<h2 class=\"elementor-heading-title elementor-size-default\"><span style=\"font-family: Arial, Helvetica, sans-serif;font-size: small\">2 \u00e1ra verksmi\u00f0ju\u00e1byrg\u00f0.<\/span><\/h2>\t\t\t\t<\/div>\n\t\t\t\t<\/div>\n\t\t\t\t<div class=\"elementor-element elementor-element-b5a3363 elementor-widget elementor-widget-text-editor\" data-id=\"b5a3363\" data-element_type=\"widget\" data-e-type=\"widget\" data-widget_type=\"text-editor.default\">\n\t\t\t\t<div class=\"elementor-widget-container\">\n\t\t\t\t\t\t\t\t\t<div style=\"color: #222222; font-family: Arial, Helvetica, sans-serif; font-size: small;\">\u00a0<\/div><div style=\"color: #222222; font-family: Arial, Helvetica, sans-serif; font-size: small;\">Ef upp koma gallar e\u00f0a bilanir sem rekja m\u00e1 til verksmi\u00f0jugalla b\u00e6tir RAG ehf \u00far \u00feeim g\u00f6llum.<\/div><div style=\"color: #222222; font-family: Arial, Helvetica, sans-serif; font-size: small;\">\u00c1byrg\u00f0in gildir \u00ed 2 \u00e1r, e\u00f0a 120.000 km, hvort heldur kemur fyrst.<\/div><div style=\"color: #222222; font-family: Arial, Helvetica, sans-serif; font-size: small;\">\u00a0<\/div><div style=\"color: #222222; font-family: Arial, Helvetica, sans-serif; font-size: small;\">8 \u00e1ra \u00e1byrg\u00f0 \u00e1 rafhl\u00f6\u00f0um.<\/div><div style=\"color: #222222; font-family: Arial, Helvetica, sans-serif; font-size: small;\">Vi\u00f0 \u00e1byrgjumst drifrafhl\u00f6\u00f0urnar \u00ed 8 \u00e1r, e\u00f0a 120.000 km.<\/div>\t\t\t\t\t\t\t\t<\/div>\n\t\t\t\t<\/div>\n\t\t\t\t\t<\/div>\n\t\t<\/div>\n\t\t\t\t\t<\/div>\n\t\t<\/section>\n\t\t\t\t<\/div>\n\t\t","protected":false},"excerpt":{"rendered":"<p>\u00c1byrg\u00f0 2 \u00e1ra verksmi\u00f0ju\u00e1byrg\u00f0. \u00a0Ef upp koma gallar e\u00f0a bilanir sem rekja m\u00e1 til verksmi\u00f0jugalla b\u00e6tir RAG ehf \u00far \u00feeim g\u00f6llum.\u00c1byrg\u00f0in gildir [&hellip;]<\/p>\n","protected":false},"author":1,"featured_media":0,"parent":0,"menu_order":0,"comment_status":"closed","ping_status":"closed","template":"page-templates\/page_front-page.php","meta":{"footnotes":""},"class_list":["post-1002","page","type-page","status-publish","hentry"],"_hostinger_reach_plugin_has_subscription_block":false,"_hostinger_reach_plugin_is_elementor":false,"_links":{"self":[{"href":"https:\/\/sersbilar.xodus.net\/index.php\/wp-json\/wp\/v2\/pages\/1002","targetHints":{"allow":["GET"]}}],"collection":[{"href":"https:\/\/sersbilar.xodus.net\/index.php\/wp-json\/wp\/v2\/pages"}],"about":[{"href":"https:\/\/sersbilar.xodus.net\/index.php\/wp-json\/wp\/v2\/types\/page"}],"author":[{"embeddable":true,"href":"https:\/\/sersbilar.xodus.net\/index.php\/wp-json\/wp\/v2\/users\/1"}],"replies":[{"embeddable":true,"href":"https:\/\/sersbilar.xodus.net\/index.php\/wp-json\/wp\/v2\/comments?post=1002"}],"version-history":[{"count":10,"href":"https:\/\/sersbilar.xodus.net\/index.php\/wp-json\/wp\/v2\/pages\/1002\/revisions"}],"predecessor-version":[{"id":1242,"href":"https:\/\/sersbilar.xodus.net\/index.php\/wp-json\/wp\/v2\/pages\/1002\/revisions\/1242"}],"wp:attachment":[{"href":"https:\/\/sersbilar.xodus.net\/index.php\/wp-json\/wp\/v2\/media?parent=1002"}],"curies":[{"name":"wp","href":"https:\/\/api.w.org\/{rel}","templated":true}]}}