{"id":796,"date":"2022-12-21T09:17:27","date_gmt":"2022-12-21T09:17:27","guid":{"rendered":"https:\/\/sersbilar.xodus.net\/?page_id=796"},"modified":"2023-02-07T14:12:41","modified_gmt":"2023-02-07T14:12:41","slug":"umseres","status":"publish","type":"page","link":"https:\/\/sersbilar.xodus.net\/index.php\/umseres\/","title":{"rendered":"UM SERES"},"content":{"rendered":"\t\t<div data-elementor-type=\"wp-page\" data-elementor-id=\"796\" class=\"elementor elementor-796\">\n\t\t\t\t\t\t<section class=\"elementor-section elementor-top-section elementor-element elementor-element-86dvtgr elementor-section-height-min-height elementor-section-boxed elementor-section-height-default elementor-section-items-middle\" data-id=\"86dvtgr\" data-element_type=\"section\" data-e-type=\"section\" data-settings=\"{&quot;background_background&quot;:&quot;classic&quot;}\">\n\t\t\t\t\t\t\t<div class=\"elementor-background-overlay\"><\/div>\n\t\t\t\t\t\t\t<div class=\"elementor-container elementor-column-gap-default\">\n\t\t\t\t\t<div class=\"elementor-column elementor-col-100 elementor-top-column elementor-element elementor-element-be10890\" data-id=\"be10890\" data-element_type=\"column\" data-e-type=\"column\">\n\t\t\t<div class=\"elementor-widget-wrap\">\n\t\t\t\t\t\t\t<\/div>\n\t\t<\/div>\n\t\t\t\t\t<\/div>\n\t\t<\/section>\n\t\t\t\t<section class=\"elementor-section elementor-top-section elementor-element elementor-element-mjsgobv elementor-section-boxed elementor-section-height-default elementor-section-height-default\" data-id=\"mjsgobv\" data-element_type=\"section\" data-e-type=\"section\" data-settings=\"{&quot;background_background&quot;:&quot;classic&quot;}\">\n\t\t\t\t\t\t<div class=\"elementor-container elementor-column-gap-default\">\n\t\t\t\t\t<div class=\"elementor-column elementor-col-100 elementor-top-column elementor-element elementor-element-9ad04ba\" data-id=\"9ad04ba\" data-element_type=\"column\" data-e-type=\"column\">\n\t\t\t<div class=\"elementor-widget-wrap elementor-element-populated\">\n\t\t\t\t\t\t<div class=\"elementor-element elementor-element-9c7221f elementor-widget-divider--view-line elementor-widget elementor-widget-divider\" data-id=\"9c7221f\" data-element_type=\"widget\" data-e-type=\"widget\" data-widget_type=\"divider.default\">\n\t\t\t\t<div class=\"elementor-widget-container\">\n\t\t\t\t\t\t\t<div class=\"elementor-divider\">\n\t\t\t<span class=\"elementor-divider-separator\">\n\t\t\t\t\t\t<\/span>\n\t\t<\/div>\n\t\t\t\t\t\t<\/div>\n\t\t\t\t<\/div>\n\t\t\t\t<div class=\"elementor-element elementor-element-1f86dce elementor-widget elementor-widget-text-editor\" data-id=\"1f86dce\" data-element_type=\"widget\" data-e-type=\"widget\" data-widget_type=\"text-editor.default\">\n\t\t\t\t<div class=\"elementor-widget-container\">\n\t\t\t\t\t\t\t\t\t<h3 class=\"wow fadeInUp\" data-wow-delay=\"0.2s\"><span id=\"_ctl0_ContentPlaceHolder1_Subject\">SAGA OKKAR<\/span><\/h3><p>RAG ehf er \u00ed eigu Rafns Arnars Gu\u00f0j\u00f3nssonar framkv\u00e6mdarstj\u00f3ra.<br \/>Rafn hefur yfir 30 \u00e1ra reynslu af s\u00f6lu bifrei\u00f0a og vinnuv\u00e9la og hefur \u00e1 sinni starfs\u00e6vi komi\u00f0 s\u00e9r upp tengslaneti v\u00ed\u00f0a um heim.<\/p><p>Starfsemi okkar hefur\u00a0 \u00fer\u00f3ast og breyst undanfarin \u00e1r og n\u00fa er inn og \u00fatflutningur st\u00f3r partur af okkar vinnu.\u00a0<br \/>\u00cd \u00feeim \u00f3lgusj\u00f3 sem gekk yfir \u00edslenskt efnahagsl\u00edf 2007 seldum vi\u00f0 miki\u00f0 magn vinnuv\u00e9la og atvinnubifrei\u00f0a erlendis e\u00f0a til samtals 43 landa.<\/p><p class=\"font_8\">\u00a0<\/p>\t\t\t\t\t\t\t\t<\/div>\n\t\t\t\t<\/div>\n\t\t\t\t<section class=\"elementor-section elementor-inner-section elementor-element elementor-element-ef970f2 elementor-section-boxed elementor-section-height-default elementor-section-height-default\" data-id=\"ef970f2\" data-element_type=\"section\" data-e-type=\"section\">\n\t\t\t\t\t\t<div class=\"elementor-container elementor-column-gap-default\">\n\t\t\t\t\t<div class=\"elementor-column elementor-col-25 elementor-inner-column elementor-element elementor-element-fd27b31\" data-id=\"fd27b31\" data-element_type=\"column\" data-e-type=\"column\">\n\t\t\t<div class=\"elementor-widget-wrap elementor-element-populated\">\n\t\t\t\t\t\t<div class=\"elementor-element elementor-element-bff2ac9 elementor-widget elementor-widget-image\" data-id=\"bff2ac9\" data-element_type=\"widget\" data-e-type=\"widget\" data-widget_type=\"image.default\">\n\t\t\t\t<div class=\"elementor-widget-container\">\n\t\t\t\t\t\t\t\t\t\t\t\t\t\t\t<img fetchpriority=\"high\" decoding=\"async\" width=\"1200\" height=\"628\" src=\"https:\/\/sersbilar.xodus.net\/wp-content\/uploads\/2022\/12\/Huawei-Seres-SF5.jpeg\" class=\"attachment-full size-full wp-image-787\" alt=\"\" srcset=\"https:\/\/sersbilar.xodus.net\/wp-content\/uploads\/2022\/12\/Huawei-Seres-SF5.jpeg 1200w, https:\/\/sersbilar.xodus.net\/wp-content\/uploads\/2022\/12\/Huawei-Seres-SF5-300x157.jpeg 300w, https:\/\/sersbilar.xodus.net\/wp-content\/uploads\/2022\/12\/Huawei-Seres-SF5-1024x536.jpeg 1024w, https:\/\/sersbilar.xodus.net\/wp-content\/uploads\/2022\/12\/Huawei-Seres-SF5-768x402.jpeg 768w, https:\/\/sersbilar.xodus.net\/wp-content\/uploads\/2022\/12\/Huawei-Seres-SF5-1000x523.jpeg 1000w, https:\/\/sersbilar.xodus.net\/wp-content\/uploads\/2022\/12\/Huawei-Seres-SF5-230x120.jpeg 230w, https:\/\/sersbilar.xodus.net\/wp-content\/uploads\/2022\/12\/Huawei-Seres-SF5-350x183.jpeg 350w, https:\/\/sersbilar.xodus.net\/wp-content\/uploads\/2022\/12\/Huawei-Seres-SF5-480x251.jpeg 480w\" sizes=\"(max-width: 1200px) 100vw, 1200px\" \/>\t\t\t\t\t\t\t\t\t\t\t\t\t\t\t<\/div>\n\t\t\t\t<\/div>\n\t\t\t\t\t<\/div>\n\t\t<\/div>\n\t\t\t\t<div class=\"elementor-column elementor-col-25 elementor-inner-column elementor-element elementor-element-063134e\" data-id=\"063134e\" data-element_type=\"column\" data-e-type=\"column\">\n\t\t\t<div class=\"elementor-widget-wrap elementor-element-populated\">\n\t\t\t\t\t\t<div class=\"elementor-element elementor-element-5142339 elementor-widget elementor-widget-image\" data-id=\"5142339\" data-element_type=\"widget\" data-e-type=\"widget\" data-widget_type=\"image.default\">\n\t\t\t\t<div class=\"elementor-widget-container\">\n\t\t\t\t\t\t\t\t\t\t\t\t\t\t\t<img decoding=\"async\" width=\"1600\" height=\"900\" src=\"https:\/\/sersbilar.xodus.net\/wp-content\/uploads\/2022\/12\/Seres-SF7.jpg\" class=\"attachment-full size-full wp-image-776\" alt=\"\" srcset=\"https:\/\/sersbilar.xodus.net\/wp-content\/uploads\/2022\/12\/Seres-SF7.jpg 1600w, https:\/\/sersbilar.xodus.net\/wp-content\/uploads\/2022\/12\/Seres-SF7-300x169.jpg 300w, https:\/\/sersbilar.xodus.net\/wp-content\/uploads\/2022\/12\/Seres-SF7-1024x576.jpg 1024w, https:\/\/sersbilar.xodus.net\/wp-content\/uploads\/2022\/12\/Seres-SF7-768x432.jpg 768w, https:\/\/sersbilar.xodus.net\/wp-content\/uploads\/2022\/12\/Seres-SF7-1536x864.jpg 1536w, https:\/\/sersbilar.xodus.net\/wp-content\/uploads\/2022\/12\/Seres-SF7-1000x563.jpg 1000w, https:\/\/sersbilar.xodus.net\/wp-content\/uploads\/2022\/12\/Seres-SF7-230x129.jpg 230w, https:\/\/sersbilar.xodus.net\/wp-content\/uploads\/2022\/12\/Seres-SF7-350x197.jpg 350w, https:\/\/sersbilar.xodus.net\/wp-content\/uploads\/2022\/12\/Seres-SF7-480x270.jpg 480w\" sizes=\"(max-width: 1600px) 100vw, 1600px\" \/>\t\t\t\t\t\t\t\t\t\t\t\t\t\t\t<\/div>\n\t\t\t\t<\/div>\n\t\t\t\t\t<\/div>\n\t\t<\/div>\n\t\t\t\t<div class=\"elementor-column elementor-col-25 elementor-inner-column elementor-element elementor-element-e6971ee\" data-id=\"e6971ee\" data-element_type=\"column\" data-e-type=\"column\">\n\t\t\t<div class=\"elementor-widget-wrap elementor-element-populated\">\n\t\t\t\t\t\t<div class=\"elementor-element elementor-element-1e4bc45 elementor-widget elementor-widget-image\" data-id=\"1e4bc45\" data-element_type=\"widget\" data-e-type=\"widget\" data-widget_type=\"image.default\">\n\t\t\t\t<div class=\"elementor-widget-container\">\n\t\t\t\t\t\t\t\t\t\t\t\t\t\t\t<img decoding=\"async\" width=\"1500\" height=\"718\" src=\"https:\/\/sersbilar.xodus.net\/wp-content\/uploads\/2022\/12\/web-zsfmotors_sf7_side_profile_redwood_forest.png\" class=\"attachment-full size-full wp-image-789\" alt=\"\" srcset=\"https:\/\/sersbilar.xodus.net\/wp-content\/uploads\/2022\/12\/web-zsfmotors_sf7_side_profile_redwood_forest.png 1500w, https:\/\/sersbilar.xodus.net\/wp-content\/uploads\/2022\/12\/web-zsfmotors_sf7_side_profile_redwood_forest-300x144.png 300w, https:\/\/sersbilar.xodus.net\/wp-content\/uploads\/2022\/12\/web-zsfmotors_sf7_side_profile_redwood_forest-1024x490.png 1024w, https:\/\/sersbilar.xodus.net\/wp-content\/uploads\/2022\/12\/web-zsfmotors_sf7_side_profile_redwood_forest-768x368.png 768w, https:\/\/sersbilar.xodus.net\/wp-content\/uploads\/2022\/12\/web-zsfmotors_sf7_side_profile_redwood_forest-1000x479.png 1000w, https:\/\/sersbilar.xodus.net\/wp-content\/uploads\/2022\/12\/web-zsfmotors_sf7_side_profile_redwood_forest-230x110.png 230w, https:\/\/sersbilar.xodus.net\/wp-content\/uploads\/2022\/12\/web-zsfmotors_sf7_side_profile_redwood_forest-350x168.png 350w, https:\/\/sersbilar.xodus.net\/wp-content\/uploads\/2022\/12\/web-zsfmotors_sf7_side_profile_redwood_forest-480x230.png 480w\" sizes=\"(max-width: 1500px) 100vw, 1500px\" \/>\t\t\t\t\t\t\t\t\t\t\t\t\t\t\t<\/div>\n\t\t\t\t<\/div>\n\t\t\t\t\t<\/div>\n\t\t<\/div>\n\t\t\t\t<div class=\"elementor-column elementor-col-25 elementor-inner-column elementor-element elementor-element-b809155\" data-id=\"b809155\" data-element_type=\"column\" data-e-type=\"column\">\n\t\t\t<div class=\"elementor-widget-wrap elementor-element-populated\">\n\t\t\t\t\t\t<div class=\"elementor-element elementor-element-6b792a3 elementor-widget elementor-widget-image\" data-id=\"6b792a3\" data-element_type=\"widget\" data-e-type=\"widget\" data-widget_type=\"image.default\">\n\t\t\t\t<div class=\"elementor-widget-container\">\n\t\t\t\t\t\t\t\t\t\t\t\t\t\t\t<img loading=\"lazy\" decoding=\"async\" width=\"1280\" height=\"720\" src=\"https:\/\/sersbilar.xodus.net\/wp-content\/uploads\/2022\/12\/maxresdefault-1.jpg\" class=\"attachment-full size-full wp-image-788\" alt=\"\" srcset=\"https:\/\/sersbilar.xodus.net\/wp-content\/uploads\/2022\/12\/maxresdefault-1.jpg 1280w, https:\/\/sersbilar.xodus.net\/wp-content\/uploads\/2022\/12\/maxresdefault-1-300x169.jpg 300w, https:\/\/sersbilar.xodus.net\/wp-content\/uploads\/2022\/12\/maxresdefault-1-1024x576.jpg 1024w, https:\/\/sersbilar.xodus.net\/wp-content\/uploads\/2022\/12\/maxresdefault-1-768x432.jpg 768w, https:\/\/sersbilar.xodus.net\/wp-content\/uploads\/2022\/12\/maxresdefault-1-1000x563.jpg 1000w, https:\/\/sersbilar.xodus.net\/wp-content\/uploads\/2022\/12\/maxresdefault-1-230x129.jpg 230w, https:\/\/sersbilar.xodus.net\/wp-content\/uploads\/2022\/12\/maxresdefault-1-350x197.jpg 350w, https:\/\/sersbilar.xodus.net\/wp-content\/uploads\/2022\/12\/maxresdefault-1-480x270.jpg 480w\" sizes=\"(max-width: 1280px) 100vw, 1280px\" \/>\t\t\t\t\t\t\t\t\t\t\t\t\t\t\t<\/div>\n\t\t\t\t<\/div>\n\t\t\t\t\t<\/div>\n\t\t<\/div>\n\t\t\t\t\t<\/div>\n\t\t<\/section>\n\t\t\t\t\t<\/div>\n\t\t<\/div>\n\t\t\t\t\t<\/div>\n\t\t<\/section>\n\t\t\t\t<\/div>\n\t\t","protected":false},"excerpt":{"rendered":"<p>SAGA OKKAR RAG ehf er \u00ed eigu Rafns Arnars Gu\u00f0j\u00f3nssonar framkv\u00e6mdarstj\u00f3ra.Rafn hefur yfir 30 \u00e1ra reynslu af s\u00f6lu bifrei\u00f0a og vinnuv\u00e9la og [&hellip;]<\/p>\n","protected":false},"author":1,"featured_media":0,"parent":0,"menu_order":0,"comment_status":"closed","ping_status":"closed","template":"page-templates\/page_front-page.php","meta":{"footnotes":""},"class_list":["post-796","page","type-page","status-publish","hentry"],"_hostinger_reach_plugin_has_subscription_block":false,"_hostinger_reach_plugin_is_elementor":false,"_links":{"self":[{"href":"https:\/\/sersbilar.xodus.net\/index.php\/wp-json\/wp\/v2\/pages\/796","targetHints":{"allow":["GET"]}}],"collection":[{"href":"https:\/\/sersbilar.xodus.net\/index.php\/wp-json\/wp\/v2\/pages"}],"about":[{"href":"https:\/\/sersbilar.xodus.net\/index.php\/wp-json\/wp\/v2\/types\/page"}],"author":[{"embeddable":true,"href":"https:\/\/sersbilar.xodus.net\/index.php\/wp-json\/wp\/v2\/users\/1"}],"replies":[{"embeddable":true,"href":"https:\/\/sersbilar.xodus.net\/index.php\/wp-json\/wp\/v2\/comments?post=796"}],"version-history":[{"count":26,"href":"https:\/\/sersbilar.xodus.net\/index.php\/wp-json\/wp\/v2\/pages\/796\/revisions"}],"predecessor-version":[{"id":1099,"href":"https:\/\/sersbilar.xodus.net\/index.php\/wp-json\/wp\/v2\/pages\/796\/revisions\/1099"}],"wp:attachment":[{"href":"https:\/\/sersbilar.xodus.net\/index.php\/wp-json\/wp\/v2\/media?parent=796"}],"curies":[{"name":"wp","href":"https:\/\/api.w.org\/{rel}","templated":true}]}}