{"id":843,"date":"2022-12-21T10:17:07","date_gmt":"2022-12-21T10:17:07","guid":{"rendered":"https:\/\/sersbilar.xodus.net\/?page_id=843"},"modified":"2023-05-04T13:24:15","modified_gmt":"2023-05-04T13:24:15","slug":"sf7","status":"publish","type":"page","link":"https:\/\/sersbilar.xodus.net\/index.php\/sf7\/","title":{"rendered":"SERES 7"},"content":{"rendered":"\t\t<div data-elementor-type=\"wp-page\" data-elementor-id=\"843\" class=\"elementor elementor-843\">\n\t\t\t\t\t\t<section class=\"elementor-section elementor-top-section elementor-element elementor-element-55fef1c elementor-section-full_width elementor-section-height-min-height elementor-section-height-default elementor-section-items-middle\" data-id=\"55fef1c\" data-element_type=\"section\" data-e-type=\"section\" data-settings=\"{&quot;background_background&quot;:&quot;slideshow&quot;,&quot;background_slideshow_gallery&quot;:[{&quot;id&quot;:875,&quot;url&quot;:&quot;https:\\\/\\\/sersbilar.xodus.net\\\/wp-content\\\/uploads\\\/2022\\\/12\\\/7.1.jpg&quot;},{&quot;id&quot;:876,&quot;url&quot;:&quot;https:\\\/\\\/sersbilar.xodus.net\\\/wp-content\\\/uploads\\\/2022\\\/12\\\/7.2.jpg&quot;}],&quot;background_slideshow_loop&quot;:&quot;yes&quot;,&quot;background_slideshow_slide_duration&quot;:5000,&quot;background_slideshow_slide_transition&quot;:&quot;fade&quot;,&quot;background_slideshow_transition_duration&quot;:500}\">\n\t\t\t\t\t\t\t<div class=\"elementor-background-overlay\"><\/div>\n\t\t\t\t\t\t\t<div class=\"elementor-container elementor-column-gap-default\">\n\t\t\t\t\t<div class=\"elementor-column elementor-col-100 elementor-top-column elementor-element elementor-element-f6d2927\" data-id=\"f6d2927\" data-element_type=\"column\" data-e-type=\"column\">\n\t\t\t<div class=\"elementor-widget-wrap elementor-element-populated\">\n\t\t\t\t\t\t<div class=\"elementor-element elementor-element-cf9d1ee elementor-widget elementor-widget-heading\" data-id=\"cf9d1ee\" data-element_type=\"widget\" data-e-type=\"widget\" data-widget_type=\"heading.default\">\n\t\t\t\t<div class=\"elementor-widget-container\">\n\t\t\t\t\t<h2 class=\"elementor-heading-title elementor-size-default\">Framt\u00ed\u00f0in er komin <br> M\u00e1 bj\u00f3\u00f0a \u00fe\u00e9r s\u00e6ti?<\/h2>\t\t\t\t<\/div>\n\t\t\t\t<\/div>\n\t\t\t\t<div class=\"elementor-element elementor-element-b4d27ee elementor-align-center elementor-widget elementor-widget-button\" data-id=\"b4d27ee\" data-element_type=\"widget\" data-e-type=\"widget\" data-widget_type=\"button.default\">\n\t\t\t\t<div class=\"elementor-widget-container\">\n\t\t\t\t\t\t\t\t\t<div class=\"elementor-button-wrapper\">\n\t\t\t\t\t<a class=\"elementor-button elementor-button-link elementor-size-sm\" href=\"https:\/\/sersbilar.xodus.net\/index.php\/seres-7\/\">\n\t\t\t\t\t\t<span class=\"elementor-button-content-wrapper\">\n\t\t\t\t\t\t\t\t\t<span class=\"elementor-button-text\">Lesa meira <\/span>\n\t\t\t\t\t<\/span>\n\t\t\t\t\t<\/a>\n\t\t\t\t<\/div>\n\t\t\t\t\t\t\t\t<\/div>\n\t\t\t\t<\/div>\n\t\t\t\t\t<\/div>\n\t\t<\/div>\n\t\t\t\t\t<\/div>\n\t\t<\/section>\n\t\t\t\t<\/div>\n\t\t","protected":false},"excerpt":{"rendered":"<p>Framt\u00ed\u00f0in er komin M\u00e1 bj\u00f3\u00f0a \u00fe\u00e9r s\u00e6ti? Lesa meira<\/p>\n","protected":false},"author":1,"featured_media":0,"parent":0,"menu_order":0,"comment_status":"closed","ping_status":"closed","template":"page-templates\/page_front-page.php","meta":{"footnotes":""},"class_list":["post-843","page","type-page","status-publish","hentry"],"_hostinger_reach_plugin_has_subscription_block":false,"_hostinger_reach_plugin_is_elementor":false,"_links":{"self":[{"href":"https:\/\/sersbilar.xodus.net\/index.php\/wp-json\/wp\/v2\/pages\/843","targetHints":{"allow":["GET"]}}],"collection":[{"href":"https:\/\/sersbilar.xodus.net\/index.php\/wp-json\/wp\/v2\/pages"}],"about":[{"href":"https:\/\/sersbilar.xodus.net\/index.php\/wp-json\/wp\/v2\/types\/page"}],"author":[{"embeddable":true,"href":"https:\/\/sersbilar.xodus.net\/index.php\/wp-json\/wp\/v2\/users\/1"}],"replies":[{"embeddable":true,"href":"https:\/\/sersbilar.xodus.net\/index.php\/wp-json\/wp\/v2\/comments?post=843"}],"version-history":[{"count":11,"href":"https:\/\/sersbilar.xodus.net\/index.php\/wp-json\/wp\/v2\/pages\/843\/revisions"}],"predecessor-version":[{"id":1297,"href":"https:\/\/sersbilar.xodus.net\/index.php\/wp-json\/wp\/v2\/pages\/843\/revisions\/1297"}],"wp:attachment":[{"href":"https:\/\/sersbilar.xodus.net\/index.php\/wp-json\/wp\/v2\/media?parent=843"}],"curies":[{"name":"wp","href":"https:\/\/api.w.org\/{rel}","templated":true}]}}