{"id":981,"date":"2023-01-04T07:33:48","date_gmt":"2023-01-04T07:33:48","guid":{"rendered":"https:\/\/sersbilar.xodus.net\/?page_id=981"},"modified":"2023-05-04T12:43:55","modified_gmt":"2023-05-04T12:43:55","slug":"seres3trygd","status":"publish","type":"page","link":"https:\/\/sersbilar.xodus.net\/index.php\/seres3trygd\/","title":{"rendered":"Seres 3 trygd"},"content":{"rendered":"\t\t<div data-elementor-type=\"wp-page\" data-elementor-id=\"981\" class=\"elementor elementor-981\">\n\t\t\t\t\t\t<section class=\"elementor-section elementor-top-section elementor-element elementor-element-eh6clri elementor-section-height-min-height elementor-section-boxed elementor-section-height-default elementor-section-items-middle\" data-id=\"eh6clri\" data-element_type=\"section\" data-e-type=\"section\" data-settings=\"{&quot;background_background&quot;:&quot;classic&quot;}\">\n\t\t\t\t\t\t\t<div class=\"elementor-background-overlay\"><\/div>\n\t\t\t\t\t\t\t<div class=\"elementor-container elementor-column-gap-default\">\n\t\t\t\t\t<div class=\"elementor-column elementor-col-100 elementor-top-column elementor-element elementor-element-1053ca7a\" data-id=\"1053ca7a\" data-element_type=\"column\" data-e-type=\"column\">\n\t\t\t<div class=\"elementor-widget-wrap elementor-element-populated\">\n\t\t\t\t\t\t\t<\/div>\n\t\t<\/div>\n\t\t\t\t\t<\/div>\n\t\t<\/section>\n\t\t\t\t<section class=\"elementor-section elementor-top-section elementor-element elementor-element-mlr9ebx elementor-section-boxed elementor-section-height-default elementor-section-height-default\" data-id=\"mlr9ebx\" data-element_type=\"section\" data-e-type=\"section\">\n\t\t\t\t\t\t<div class=\"elementor-container elementor-column-gap-no\">\n\t\t\t\t\t<div class=\"elementor-column elementor-col-50 elementor-top-column elementor-element elementor-element-48096891\" data-id=\"48096891\" data-element_type=\"column\" data-e-type=\"column\">\n\t\t\t<div class=\"elementor-widget-wrap elementor-element-populated\">\n\t\t\t\t\t\t<div class=\"elementor-element elementor-element-3fe1a09 elementor-widget elementor-widget-heading\" data-id=\"3fe1a09\" data-element_type=\"widget\" data-e-type=\"widget\" data-widget_type=\"heading.default\">\n\t\t\t\t<div class=\"elementor-widget-container\">\n\t\t\t\t\t<h2 class=\"elementor-heading-title elementor-size-default\">\u00d6ryggi<\/h2>\t\t\t\t<\/div>\n\t\t\t\t<\/div>\n\t\t\t\t<div class=\"elementor-element elementor-element-20dab10 elementor-widget elementor-widget-heading\" data-id=\"20dab10\" data-element_type=\"widget\" data-e-type=\"widget\" data-widget_type=\"heading.default\">\n\t\t\t\t<div class=\"elementor-widget-container\">\n\t\t\t\t\t<h2 class=\"elementor-heading-title elementor-size-default\">SERES nota Lithium Ion rafhl\u00f6\u00f0ur<\/h2>\t\t\t\t<\/div>\n\t\t\t\t<\/div>\n\t\t\t\t<div class=\"elementor-element elementor-element-2611895 elementor-widget elementor-widget-text-editor\" data-id=\"2611895\" data-element_type=\"widget\" data-e-type=\"widget\" data-widget_type=\"text-editor.default\">\n\t\t\t\t<div class=\"elementor-widget-container\">\n\t\t\t\t\t\t\t\t\t<div>Seres notar Lithium Ion rafhl\u00f6\u00f0ur<\/div><div>Rafb\u00edlar notast vi\u00f0 rafhl\u00f6\u00f0ur til a\u00f0 kn\u00fdja b\u00edlinn \u00e1fram.\u00a0<\/div><div>\u00cd dag eru einnig nota\u00f0ar bl\u00fd rafhl\u00f6\u00f0ur en Seres notast einungis vi\u00f0 Lithium Ion rafhl\u00f6\u00f0ur \u00ed b\u00edlana s\u00edna sem eru me\u00f0al \u00f6ruggustu rafhla\u00f0na \u00ed heiminum \u00ed dag.<\/div><div>Lithium Ion rafhl\u00f6\u00f0ur samanstanda af \u00fdmsum kem\u00edskum efnum og hafa ranns\u00f3knir\u00a0s\u00fdnt a\u00f0 vi\u00f0 bruna eru Lithium rafhl\u00f6\u00f0ur ekki h\u00e6ttulegri en bruni \u00e1 venjulegum bens\u00edn e\u00f0a d\u00edselb\u00edlum.<\/div>\t\t\t\t\t\t\t\t<\/div>\n\t\t\t\t<\/div>\n\t\t\t\t\t<\/div>\n\t\t<\/div>\n\t\t\t\t<div class=\"elementor-column elementor-col-50 elementor-top-column elementor-element elementor-element-2828f573\" data-id=\"2828f573\" data-element_type=\"column\" data-e-type=\"column\">\n\t\t\t<div class=\"elementor-widget-wrap elementor-element-populated\">\n\t\t\t\t\t\t<div class=\"elementor-element elementor-element-68afc23b elementor-widget elementor-widget-heading\" data-id=\"68afc23b\" data-element_type=\"widget\" data-e-type=\"widget\" data-widget_type=\"heading.default\">\n\t\t\t\t<div class=\"elementor-widget-container\">\n\t\t\t\t\t<h2 class=\"elementor-heading-title elementor-size-default\">Stofna\u00f0 \u00e1ri\u00f0 1995<\/h2>\t\t\t\t<\/div>\n\t\t\t\t<\/div>\n\t\t\t\t<div class=\"elementor-element elementor-element-2b4d1ce elementor-widget elementor-widget-video\" data-id=\"2b4d1ce\" data-element_type=\"widget\" data-e-type=\"widget\" data-settings=\"{&quot;youtube_url&quot;:&quot;https:\\\/\\\/www.youtube.com\\\/watch?v=ZLXCHXM9H3c&quot;,&quot;autoplay&quot;:&quot;yes&quot;,&quot;play_on_mobile&quot;:&quot;yes&quot;,&quot;mute&quot;:&quot;yes&quot;,&quot;loop&quot;:&quot;yes&quot;,&quot;video_type&quot;:&quot;youtube&quot;}\" data-widget_type=\"video.default\">\n\t\t\t\t<div class=\"elementor-widget-container\">\n\t\t\t\t\t\t\t<div class=\"elementor-wrapper elementor-open-inline\">\n\t\t\t<div class=\"elementor-video\"><\/div>\t\t<\/div>\n\t\t\t\t\t\t<\/div>\n\t\t\t\t<\/div>\n\t\t\t\t\t<\/div>\n\t\t<\/div>\n\t\t\t\t\t<\/div>\n\t\t<\/section>\n\t\t\t\t<section class=\"elementor-section elementor-top-section elementor-element elementor-element-9d05a26 elementor-section-boxed elementor-section-height-default elementor-section-height-default\" data-id=\"9d05a26\" data-element_type=\"section\" data-e-type=\"section\">\n\t\t\t\t\t\t<div class=\"elementor-container elementor-column-gap-default\">\n\t\t\t\t\t<div class=\"elementor-column elementor-col-100 elementor-top-column elementor-element elementor-element-b5c5b7c\" data-id=\"b5c5b7c\" data-element_type=\"column\" data-e-type=\"column\">\n\t\t\t<div class=\"elementor-widget-wrap elementor-element-populated\">\n\t\t\t\t\t\t<div class=\"elementor-element elementor-element-d17a6c4 elementor-widget elementor-widget-text-editor\" data-id=\"d17a6c4\" data-element_type=\"widget\" data-e-type=\"widget\" data-widget_type=\"text-editor.default\">\n\t\t\t\t<div class=\"elementor-widget-container\">\n\t\t\t\t\t\t\t\t\t<p><b>Kraftur<\/b>: \u00dear sem n\u00fdting \u00e1 afli \u00ed Lithium rafhl\u00f6\u00f0um er mj\u00f6g g\u00f3\u00f0 mi\u00f0a\u00f0 vi\u00f0 st\u00e6r\u00f0 og \u00feyngd er \u00feessi kostur \u00e1kj\u00f3sanlegur.<\/p><p><strong>Langl\u00edfi: <\/strong>Lithium rafhl\u00f6\u00f0ur hafa langan l\u00edft\u00edma og er h\u00e6gt a\u00f0 hla\u00f0a \u00fe\u00e6r oft \u00e1\u00f0ur en \u00fe\u00e6r missa getu s\u00edna til a\u00f0 geyma rafmagn.<\/p><div id=\"tw-target-rmn-container\" class=\"tw-target-rmn tw-ta-container F0azHf tw-nfl\"><p class=\"tw-data-placeholder tw-text-small tw-ta\" dir=\"ltr\"><strong style=\"font-family: Georgia, 'Times New Roman', 'Bitstream Charter', Times, serif;\">Sj\u00e1lfb\u00e6rni<\/strong><span style=\"font-family: Georgia, 'Times New Roman', 'Bitstream Charter', Times, serif;\">: <\/span>H\u00e6gt er a\u00f0 endurvinna Lithium rafhl\u00f6\u00f0ur og vegna langs l\u00edft\u00edma hafa \u00fe\u00e6r mun minni \u00e1hrif \u00e1 umhverfi\u00f0 en a\u00f0rir orkugjafar.<\/p><\/div><p><strong>Skilvirkni<\/strong>: Lithium Ion rafhl\u00f6\u00f0ur er h\u00e6gt a\u00f0 hla\u00f0a mj\u00f6g hratt og eru vi\u00f0haldslausar.<\/p>\t\t\t\t\t\t\t\t<\/div>\n\t\t\t\t<\/div>\n\t\t\t\t\t<\/div>\n\t\t<\/div>\n\t\t\t\t\t<\/div>\n\t\t<\/section>\n\t\t\t\t<\/div>\n\t\t","protected":false},"excerpt":{"rendered":"<p>\u00d6ryggi SERES nota Lithium Ion rafhl\u00f6\u00f0ur Seres notar Lithium Ion rafhl\u00f6\u00f0urRafb\u00edlar notast vi\u00f0 rafhl\u00f6\u00f0ur til a\u00f0 kn\u00fdja b\u00edlinn \u00e1fram.\u00a0\u00cd dag eru einnig [&hellip;]<\/p>\n","protected":false},"author":1,"featured_media":0,"parent":0,"menu_order":0,"comment_status":"closed","ping_status":"closed","template":"page-templates\/page_front-page.php","meta":{"footnotes":""},"class_list":["post-981","page","type-page","status-publish","hentry"],"_hostinger_reach_plugin_has_subscription_block":false,"_hostinger_reach_plugin_is_elementor":false,"_links":{"self":[{"href":"https:\/\/sersbilar.xodus.net\/index.php\/wp-json\/wp\/v2\/pages\/981","targetHints":{"allow":["GET"]}}],"collection":[{"href":"https:\/\/sersbilar.xodus.net\/index.php\/wp-json\/wp\/v2\/pages"}],"about":[{"href":"https:\/\/sersbilar.xodus.net\/index.php\/wp-json\/wp\/v2\/types\/page"}],"author":[{"embeddable":true,"href":"https:\/\/sersbilar.xodus.net\/index.php\/wp-json\/wp\/v2\/users\/1"}],"replies":[{"embeddable":true,"href":"https:\/\/sersbilar.xodus.net\/index.php\/wp-json\/wp\/v2\/comments?post=981"}],"version-history":[{"count":31,"href":"https:\/\/sersbilar.xodus.net\/index.php\/wp-json\/wp\/v2\/pages\/981\/revisions"}],"predecessor-version":[{"id":1266,"href":"https:\/\/sersbilar.xodus.net\/index.php\/wp-json\/wp\/v2\/pages\/981\/revisions\/1266"}],"wp:attachment":[{"href":"https:\/\/sersbilar.xodus.net\/index.php\/wp-json\/wp\/v2\/media?parent=981"}],"curies":[{"name":"wp","href":"https:\/\/api.w.org\/{rel}","templated":true}]}}